{"id":461,"date":"2022-02-24T13:35:20","date_gmt":"2022-02-24T10:35:20","guid":{"rendered":"https:\/\/newspiracy.eu\/sample-page\/"},"modified":"2023-11-20T14:32:59","modified_gmt":"2023-11-20T11:32:59","slug":"user-guide","status":"publish","type":"page","link":"https:\/\/newspiracy.eu\/es\/truth-track\/user-guide\/","title":{"rendered":"Gu\u00eda de usuario"},"content":{"rendered":"<h1>Gu\u00eda de usuario<\/h1>\n<h2>C\u00f3mo registrarse<\/h2>\n<div>\n<ul>\n<li>Para poder utilizar el \u201cRastreador de verdades\u201d y escribir tus propios mensajes, votar o comentar, primero <strong>debes estar registrado y haber iniciado sesi\u00f3n.<\/strong><\/li>\n<\/ul>\n<\/div>\n<div>\n<ul>\n<li>Reg\u00edstrate a trav\u00e9s de la p\u00e1gina principal del Rastreador de verdades:<\/li>\n<\/ul>\n<\/div>\n<div>\n<p>        <img decoding=\"async\" src=\"\/wp-content\/uploads\/2023\/09\/registerhereCapture-1.png\" alt=\"registerhereCapture\"><\/p>\n<h3>Esta secci\u00f3n se encuentra en la p\u00e1gina principal del Rastreador de verdades. <\/h3>\n<p><a href=\"https:\/\/newspiracy.eu\/truth-track\/\"><\/a><\/p>\n<\/div>\n<hr>\n<div>\n<ul>\n<li>Tambi\u00e9n puedes llegar a la p\u00e1gina de registro en cualquier publicaci\u00f3n:\n<ul><\/ul>\n<\/li>\n<\/ul>\n<\/div>\n<div>\n<p>        <img decoding=\"async\" src=\"\/wp-content\/uploads\/2023\/09\/register-inside-postCapture.png\" alt=\"register-inside--postCapture\"><\/p>\n<h3>En cualquier publicaci\u00f3n, la opci\u00f3n Iniciar sesi\u00f3n o Registrarse est\u00e1 disponible.<\/h3>\n<p>(usuarios no registrados)<\/p>\n<\/div>\n<hr>\n<div>\n<ul>\n<li>Rellena los campos obligatorios y pulsa enviar:<\/li>\n<\/ul>\n<\/div>\n<div>\n<p>        <img decoding=\"async\" src=\"\/wp-content\/uploads\/2023\/09\/Screen-Shot-2023-09-26-at-11.43.33-fullpage.png\" alt=\"registerCapture\"><\/p>\n<div>\n<p>\u00a1Recuerda que todos los campos son obligatorios!<\/p>\n<\/div>\n<p><a href=\"https:\/\/newspiracy.eu\/truth-track\/\"><\/a><\/p>\n<\/div>\n<h2>C\u00f3mo iniciar sesi\u00f3n<\/h2>\n<div>\n<ul>\n<li>De forma similar al registro, puedes iniciar sesi\u00f3n a trav\u00e9s de la p\u00e1gina principal del Rastreador de verdades:<\/li>\n<\/ul>\n<\/div>\n<div>\n<p>        <img decoding=\"async\" src=\"\/wp-content\/uploads\/2023\/09\/login-main-Capture.png\" alt=\"registerCapture\"><\/p>\n<h3>Esta secci\u00f3n se encuentra en la p\u00e1gina principal del Rastreador de verdades . <\/h3>\n<p>(usuarios no conectados)<\/p>\n<p><a href=\"https:\/\/newspiracy.eu\/truth-track\/\"><\/a><\/p>\n<\/div>\n<hr>\n<div>\n<ul>\n<li>Tambi\u00e9n puedes iniciar sesi\u00f3n en la p\u00e1gina de cualquier publicaci\u00f3n:<\/li>\n<\/ul>\n<\/div>\n<div>\n<p>        <img decoding=\"async\" src=\"\/wp-content\/uploads\/2023\/09\/login-insideCapture.png\" alt=\"inside-a-postCapture\"><\/p>\n<h3>En cualquier publicaci\u00f3n, la opci\u00f3n de Iniciar Sesi\u00f3n o Registrarse est\u00e1 disponible.<\/h3>\n<p>(usuarios no conectados)<\/p>\n<p><a href=\"https:\/\/newspiracy.eu\/truth-track\/\"><\/a><\/p>\n<\/div>\n<h2>C\u00f3mo crear una publicaci\u00f3n<\/h2>\n<div>\n<ul>\n<li>Para poder escribir publicaciones, debes iniciar sesi\u00f3n.\u00a0<\/li>\n<li>Hay dos opciones para escribir un mensaje o publicaci\u00f3n.\u00a0<\/li>\n<\/ul>\n<\/div>\n<div>\n<p>        <img decoding=\"async\" src=\"\/wp-content\/uploads\/2023\/09\/post-new-mainCapture.png\" alt=\"post-new-main-Capture\"><\/p>\n<h3> Nueva publicaci\u00f3n del Panel de Publicaciones.<\/h3>\n<p> (usuario conectado)<\/p>\n<p><a href=\"https:\/\/newspiracy.eu\/truth-track\/\"><\/a><\/p>\n<\/div>\n<hr>\n<div>\n<p>        <img decoding=\"async\" src=\"\/wp-content\/uploads\/2023\/09\/create-post-insideCapture.png\" alt=\"inside-a-postCapture\"><\/p>\n<h3> Crear una nueva publicaci\u00f3n mientras lees otra. <\/h3>\n<p>(usuario conectado)<\/p>\n<p><a href=\"https:\/\/newspiracy.eu\/truth-track\/\"><\/a><\/p>\n<\/div>\n<hr>\n<div>\n<ul>\n<li>Hay 3 tipos de publicaciones que puedes crear.<\/li>\n<li>Una vez terminado el formulario, pulsa enviar.<\/li>\n<\/ul>\n<\/div>\n<div>\n<p>        <img decoding=\"async\" src=\"\/wp-content\/uploads\/2023\/09\/create-postCapture.png\" alt=\"create-postCapture\"><\/p>\n<h3>El formulario requiere diferentes campos en funci\u00f3n del tipo de publicaci\u00f3n. <\/h3>\n<p>(usuario conectado)<\/p>\n<p><a href=\"https:\/\/newspiracy.eu\/truth-track\/\"><\/a><\/p>\n<\/div>\n<h2>Vota y Comenta.<\/h2>\n<div>\n<ul>\n<li>Al leer una publicaci\u00f3n, los usuarios registrados pueden votar a favor o en contra de ella. En la parte inferior de cada publicaci\u00f3n, existe la posibilidad de comentar o incluso responder a un comentario.\u00a0<\/li>\n<\/ul>\n<\/div>\n<ul>\n<li>\n<p>        <img decoding=\"async\" src=\"\/wp-content\/uploads\/2023\/09\/voting-Capture.png\" alt=\"voting-Capture\"><\/p>\n<h3>Tu voto influye en la puntuaci\u00f3n de la publicaci\u00f3n. <\/h3>\n<p>(usuario conectado)<\/p>\n<\/li>\n<li>\n<p>        <img decoding=\"async\" src=\"\/wp-content\/uploads\/2023\/09\/Comment-area-Capture.png\" alt=\"Comment-area-Capture\"><\/p>\n<h3>Comentar o responder comentarios de otros usuarios. <\/h3>\n<p>(usuario conectado)<\/p>\n<\/li>\n<\/ul>\n<p><!--more--><br \/>\n<!-- {\"type\":\"layout\",\"children\":[{\"type\":\"section\",\"props\":{\"animation\":\"fade\",\"animation_delay\":\"200\",\"height\":\"percent\",\"image_position\":\"center-center\",\"style\":\"muted\",\"title_breakpoint\":\"xl\",\"title_position\":\"top-left\",\"title_rotation\":\"left\",\"vertical_align\":\"\",\"width\":\"default\"},\"children\":[{\"type\":\"row\",\"children\":[{\"type\":\"column\",\"props\":{\"image_position\":\"center-center\",\"position_sticky_breakpoint\":\"m\"},\"children\":[{\"type\":\"headline\",\"props\":{\"animation\":\"slide-top-medium\",\"content\":\"Gu\\u00eda de usuario\",\"text_align\":\"center\",\"title_element\":\"h1\",\"title_style\":\"heading-large\"}}]}],\"props\":{\"divider\":false,\"margin\":\"large\",\"margin_remove_top\":true}},{\"type\":\"row\",\"children\":[{\"type\":\"column\",\"props\":{\"image_position\":\"center-center\",\"position_sticky_breakpoint\":\"m\"},\"children\":[{\"type\":\"headline\",\"props\":{\"animation\":\"slide-top-medium\",\"content\":\"C\\u00f3mo registrarse\",\"id\":\"how-to-1\",\"text_align\":\"center\",\"title_color\":\"danger\",\"title_element\":\"h2\",\"title_style\":\"heading-medium\"},\"name\":\"Step 1 - Register\"}]}]},{\"type\":\"row\",\"children\":[{\"type\":\"column\",\"props\":{\"image_position\":\"center-center\",\"position_sticky_breakpoint\":\"m\"},\"children\":[{\"type\":\"text\",\"props\":{\"block_align\":\"center\",\"column_breakpoint\":\"m\",\"content\":\"\n\n<ul>\\n\n\n<li>Para poder utilizar el \\u201cRastreador de verdades\\u201d y escribir tus propios mensajes, votar o comentar, primero <strong>debes estar registrado y haber iniciado sesi\\u00f3n.<\\\/strong><\\\/li>\\n<\\\/ul>\",\"margin\":\"default\",\"maxwidth\":\"2xlarge\",\"text_align\":\"left\",\"text_color\":\"primary\",\"text_style\":\"meta\"}},{\"type\":\"text\",\"props\":{\"animation\":\"slide-left-medium\",\"block_align\":\"center\",\"column_breakpoint\":\"m\",\"content\":\"\n\n<ul>\\n\n\n<li>Reg\\u00edstrate a trav\\u00e9s de la p\\u00e1gina principal del Rastreador de verdades:<\\\/li>\\n<\\\/ul>\",\"margin\":\"default\",\"maxwidth\":\"2xlarge\",\"text_align\":\"left\",\"text_color\":\"primary\",\"text_style\":\"meta\"}},{\"type\":\"overlay\",\"props\":{\"animation\":\"slide-bottom-medium\",\"content\":\"\",\"image\":\"wp-content\\\/uploads\\\/2023\\\/09\\\/registerhereCapture-1.png\",\"image_alt\":\"registerhereCapture\",\"image_box_shadow\":\"large\",\"image_hover_box_shadow\":\"medium\",\"image_loading\":true,\"image_transition_border\":false,\"link\":\"https:\\\/\\\/newspiracy.eu\\\/truth-track\\\/\",\"link_style\":\"default\",\"link_target\":true,\"link_text\":\"\",\"margin\":\"default\",\"meta\":\"\",\"meta_align\":\"below-title\",\"meta_element\":\"div\",\"meta_style\":\"text-meta\",\"overlay_hover\":true,\"overlay_mode\":\"cover\",\"overlay_position\":\"center\",\"overlay_style\":\"overlay-primary\",\"overlay_transition\":\"fade\",\"text_align\":\"center\",\"text_color\":\"light\",\"title\":\"Esta secci\\u00f3n se encuentra en la p\\u00e1gina principal del Rastreador de verdades. \",\"title_element\":\"h3\",\"title_hover_style\":\"reset\"}}]}]},{\"type\":\"row\",\"children\":[{\"type\":\"column\",\"props\":{\"image_position\":\"center-center\",\"position_sticky_breakpoint\":\"m\"},\"children\":[{\"type\":\"divider\",\"props\":{\"divider_element\":\"hr\",\"divider_style\":\"vertical\"}}]}]},{\"type\":\"row\",\"children\":[{\"type\":\"column\",\"props\":{\"image_position\":\"center-center\",\"position_sticky_breakpoint\":\"m\"},\"children\":[{\"type\":\"text\",\"props\":{\"animation\":\"slide-left-medium\",\"block_align\":\"center\",\"column_breakpoint\":\"m\",\"content\":\"\n\n<ul>\\n\n\n<li>Tambi\\u00e9n puedes llegar a la p\\u00e1gina de registro en cualquier publicaci\\u00f3n:<br \\\/>\\n\n\n<ul><\\\/ul>\\n<\\\/li>\\n<\\\/ul>\",\"margin\":\"default\",\"maxwidth\":\"2xlarge\",\"text_align\":\"left\",\"text_color\":\"primary\",\"text_style\":\"meta\"}},{\"type\":\"overlay\",\"props\":{\"animation\":\"slide-bottom-medium\",\"content\":\"\",\"hover_image\":\"\",\"image\":\"wp-content\\\/uploads\\\/2023\\\/09\\\/register-inside-postCapture.png\",\"image_alt\":\"register-inside--postCapture\",\"image_box_shadow\":\"large\",\"image_hover_box_shadow\":\"medium\",\"image_loading\":true,\"image_transition_border\":false,\"image_width\":\"720\",\"link_style\":\"default\",\"link_target\":false,\"link_text\":\"\",\"margin\":\"default\",\"meta\":\"(usuarios no registrados)\",\"meta_align\":\"below-title\",\"meta_element\":\"div\",\"meta_style\":\"text-meta\",\"overlay_hover\":true,\"overlay_mode\":\"cover\",\"overlay_position\":\"center\",\"overlay_style\":\"overlay-primary\",\"overlay_transition\":\"fade\",\"text_align\":\"center\",\"text_color\":\"light\",\"title\":\"En cualquier publicaci\\u00f3n, la opci\\u00f3n Iniciar sesi\\u00f3n o Registrarse est\\u00e1 disponible.\",\"title_element\":\"h3\",\"title_hover_style\":\"reset\"}}]}]},{\"type\":\"row\",\"children\":[{\"type\":\"column\",\"props\":{\"image_position\":\"center-center\",\"position_sticky_breakpoint\":\"m\"},\"children\":[{\"type\":\"divider\",\"props\":{\"divider_element\":\"hr\",\"divider_style\":\"vertical\"}}]}]},{\"type\":\"row\",\"children\":[{\"type\":\"column\",\"props\":{\"image_position\":\"center-center\",\"position_sticky_breakpoint\":\"m\"},\"children\":[{\"type\":\"text\",\"props\":{\"animation\":\"slide-left-medium\",\"block_align\":\"center\",\"column_breakpoint\":\"m\",\"content\":\"\n\n<ul>\\n\n\n<li>Rellena los campos obligatorios y pulsa enviar:<\\\/li>\\n<\\\/ul>\",\"margin\":\"default\",\"maxwidth\":\"2xlarge\",\"text_align\":\"left\",\"text_color\":\"primary\",\"text_style\":\"meta\"}},{\"type\":\"overlay\",\"props\":{\"animation\":\"slide-bottom-medium\",\"content\":\"\n\n<p>\\u00a1Recuerda que todos los campos son obligatorios!<\\\/p>\",\"image\":\"wp-content\\\/uploads\\\/2023\\\/09\\\/Screen-Shot-2023-09-26-at-11.43.33-fullpage.png\",\"image_alt\":\"registerCapture\",\"image_box_shadow\":\"large\",\"image_hover_box_shadow\":\"medium\",\"image_loading\":true,\"image_transition_border\":false,\"image_width\":\"760\",\"link\":\"https:\\\/\\\/newspiracy.eu\\\/truth-track\\\/\",\"link_style\":\"default\",\"link_target\":true,\"link_text\":\"\",\"margin\":\"default\",\"meta_align\":\"below-title\",\"meta_element\":\"div\",\"meta_style\":\"text-meta\",\"overlay_hover\":true,\"overlay_mode\":\"cover\",\"overlay_position\":\"center\",\"overlay_style\":\"overlay-primary\",\"overlay_transition\":\"fade\",\"text_align\":\"center\",\"text_color\":\"light\",\"title_element\":\"h3\",\"title_hover_style\":\"reset\"}}]}]}],\"name\":\"1 - How to register\"},{\"type\":\"section\",\"props\":{\"image_position\":\"center-center\",\"style\":\"default\",\"title_breakpoint\":\"xl\",\"title_position\":\"top-left\",\"title_rotation\":\"left\",\"vertical_align\":\"middle\",\"width\":\"default\"},\"children\":[{\"type\":\"row\",\"children\":[{\"type\":\"column\",\"props\":{\"image_position\":\"center-center\",\"position_sticky_breakpoint\":\"m\"},\"children\":[{\"type\":\"headline\",\"props\":{\"animation\":\"slide-top-medium\",\"content\":\"C\\u00f3mo iniciar sesi\\u00f3n\",\"text_align\":\"center\",\"title_color\":\"danger\",\"title_element\":\"h2\",\"title_style\":\"heading-medium\"}},{\"type\":\"text\",\"props\":{\"animation\":\"slide-left-medium\",\"block_align\":\"center\",\"column_breakpoint\":\"m\",\"content\":\"\n\n<ul>\\n\n\n<li>De forma similar al registro, puedes iniciar sesi\\u00f3n a trav\\u00e9s de la p\\u00e1gina principal del Rastreador de verdades:<\\\/li>\\n<\\\/ul>\",\"margin\":\"default\",\"maxwidth\":\"2xlarge\",\"text_align\":\"left\",\"text_color\":\"primary\",\"text_style\":\"meta\"}},{\"type\":\"overlay\",\"props\":{\"animation\":\"slide-bottom-medium\",\"content\":\"\",\"image\":\"wp-content\\\/uploads\\\/2023\\\/09\\\/login-main-Capture.png\",\"image_alt\":\"registerCapture\",\"image_box_shadow\":\"large\",\"image_hover_box_shadow\":\"medium\",\"image_loading\":true,\"image_transition_border\":false,\"link\":\"https:\\\/\\\/newspiracy.eu\\\/truth-track\\\/\",\"link_style\":\"default\",\"link_target\":true,\"link_text\":\"\",\"margin\":\"default\",\"meta\":\"(usuarios no conectados)\",\"meta_align\":\"below-title\",\"meta_element\":\"div\",\"meta_style\":\"text-meta\",\"overlay_hover\":true,\"overlay_mode\":\"cover\",\"overlay_position\":\"center\",\"overlay_style\":\"overlay-primary\",\"overlay_transition\":\"fade\",\"text_align\":\"center\",\"text_color\":\"light\",\"title\":\"Esta secci\\u00f3n se encuentra en la p\\u00e1gina principal del Rastreador de verdades . \",\"title_element\":\"h3\",\"title_hover_style\":\"reset\"}}]}]},{\"type\":\"row\",\"children\":[{\"type\":\"column\",\"props\":{\"image_position\":\"center-center\",\"position_sticky_breakpoint\":\"m\"},\"children\":[{\"type\":\"divider\",\"props\":{\"divider_element\":\"hr\",\"divider_style\":\"vertical\"}}]}]},{\"type\":\"row\",\"children\":[{\"type\":\"column\",\"props\":{\"image_position\":\"center-center\",\"position_sticky_breakpoint\":\"m\"},\"children\":[{\"type\":\"text\",\"props\":{\"animation\":\"slide-left-medium\",\"block_align\":\"center\",\"column_breakpoint\":\"m\",\"content\":\"\n\n<ul>\\n\n\n<li>Tambi\\u00e9n puedes iniciar sesi\\u00f3n en la p\\u00e1gina de cualquier publicaci\\u00f3n:<\\\/li>\\n<\\\/ul>\",\"margin\":\"default\",\"maxwidth\":\"2xlarge\",\"text_align\":\"left\",\"text_color\":\"primary\",\"text_style\":\"meta\"}},{\"type\":\"overlay\",\"props\":{\"animation\":\"slide-bottom-medium\",\"content\":\"\",\"image\":\"wp-content\\\/uploads\\\/2023\\\/09\\\/login-insideCapture.png\",\"image_alt\":\"inside-a-postCapture\",\"image_box_shadow\":\"large\",\"image_hover_box_shadow\":\"medium\",\"image_loading\":true,\"image_transition_border\":false,\"image_width\":\"720\",\"link\":\"https:\\\/\\\/newspiracy.eu\\\/truth-track\\\/\",\"link_style\":\"default\",\"link_target\":true,\"link_text\":\"\",\"margin\":\"default\",\"meta\":\"(usuarios no conectados)\",\"meta_align\":\"below-title\",\"meta_element\":\"div\",\"meta_style\":\"text-meta\",\"overlay_hover\":true,\"overlay_mode\":\"cover\",\"overlay_position\":\"center\",\"overlay_style\":\"overlay-primary\",\"overlay_transition\":\"fade\",\"text_align\":\"center\",\"text_color\":\"light\",\"title\":\"En cualquier publicaci\\u00f3n, la opci\\u00f3n de Iniciar Sesi\\u00f3n o Registrarse est\\u00e1 disponible.\",\"title_element\":\"h3\",\"title_hover_style\":\"reset\"}}]}]}],\"name\":\"2 - How to login\"},{\"type\":\"section\",\"props\":{\"animation\":\"fade\",\"animation_delay\":\"200\",\"image_position\":\"center-center\",\"style\":\"muted\",\"title_breakpoint\":\"xl\",\"title_position\":\"top-left\",\"title_rotation\":\"left\",\"vertical_align\":\"middle\",\"width\":\"default\"},\"children\":[{\"type\":\"row\",\"children\":[{\"type\":\"column\",\"props\":{\"image_position\":\"center-center\",\"position_sticky_breakpoint\":\"m\"},\"children\":[{\"type\":\"headline\",\"props\":{\"animation\":\"slide-top-medium\",\"content\":\"C\\u00f3mo crear una publicaci\\u00f3n\",\"text_align\":\"center\",\"title_color\":\"danger\",\"title_element\":\"h2\",\"title_style\":\"heading-medium\"}},{\"type\":\"text\",\"props\":{\"animation\":\"slide-left-medium\",\"block_align\":\"center\",\"column_breakpoint\":\"m\",\"content\":\"\n\n<ul>\\n\n\n<li>Para poder escribir publicaciones, debes iniciar sesi\\u00f3n.\\u00a0<\\\/li>\\n\n\n<li>Hay dos opciones para escribir un mensaje o publicaci\\u00f3n.\\u00a0<\\\/li>\\n<\\\/ul>\",\"margin\":\"default\",\"maxwidth\":\"2xlarge\",\"text_align\":\"left\",\"text_color\":\"primary\",\"text_style\":\"meta\"}},{\"type\":\"overlay\",\"props\":{\"animation\":\"slide-bottom-medium\",\"content\":\"\",\"image\":\"wp-content\\\/uploads\\\/2023\\\/09\\\/post-new-mainCapture.png\",\"image_alt\":\"post-new-main-Capture\",\"image_box_shadow\":\"large\",\"image_hover_box_shadow\":\"medium\",\"image_loading\":true,\"image_transition_border\":false,\"link\":\"https:\\\/\\\/newspiracy.eu\\\/truth-track\\\/\",\"link_style\":\"default\",\"link_target\":true,\"link_text\":\"\",\"margin\":\"default\",\"meta\":\" (usuario conectado)\",\"meta_align\":\"below-title\",\"meta_element\":\"div\",\"meta_style\":\"text-meta\",\"overlay_hover\":true,\"overlay_mode\":\"cover\",\"overlay_position\":\"center\",\"overlay_style\":\"overlay-primary\",\"overlay_transition\":\"fade\",\"text_align\":\"center\",\"text_color\":\"light\",\"title\":\" Nueva publicaci\\u00f3n del Panel de Publicaciones.\",\"title_element\":\"h3\",\"title_hover_style\":\"reset\"}}]}]},{\"type\":\"row\",\"children\":[{\"type\":\"column\",\"props\":{\"image_position\":\"center-center\",\"position_sticky_breakpoint\":\"m\"},\"children\":[{\"type\":\"divider\",\"props\":{\"divider_element\":\"hr\",\"divider_style\":\"vertical\"}}]}]},{\"type\":\"row\",\"children\":[{\"type\":\"column\",\"props\":{\"image_position\":\"center-center\",\"position_sticky_breakpoint\":\"m\"},\"children\":[{\"type\":\"overlay\",\"props\":{\"animation\":\"slide-bottom-medium\",\"content\":\"\",\"image\":\"wp-content\\\/uploads\\\/2023\\\/09\\\/create-post-insideCapture.png\",\"image_alt\":\"inside-a-postCapture\",\"image_box_shadow\":\"large\",\"image_hover_box_shadow\":\"medium\",\"image_loading\":true,\"image_transition_border\":false,\"image_width\":\"720\",\"link\":\"https:\\\/\\\/newspiracy.eu\\\/truth-track\\\/\",\"link_style\":\"default\",\"link_target\":true,\"link_text\":\"\",\"margin\":\"default\",\"meta\":\"(usuario conectado)\",\"meta_align\":\"below-title\",\"meta_element\":\"div\",\"meta_style\":\"text-meta\",\"overlay_hover\":true,\"overlay_mode\":\"cover\",\"overlay_position\":\"center\",\"overlay_style\":\"overlay-primary\",\"overlay_transition\":\"fade\",\"text_align\":\"center\",\"text_color\":\"light\",\"title\":\" Crear una nueva publicaci\\u00f3n mientras lees otra. \",\"title_element\":\"h3\",\"title_hover_style\":\"reset\"}}]}]},{\"type\":\"row\",\"children\":[{\"type\":\"column\",\"props\":{\"image_position\":\"center-center\",\"position_sticky_breakpoint\":\"m\"},\"children\":[{\"type\":\"divider\",\"props\":{\"divider_element\":\"hr\",\"divider_style\":\"vertical\"}}]}]},{\"type\":\"row\",\"children\":[{\"type\":\"column\",\"props\":{\"image_position\":\"center-center\",\"position_sticky_breakpoint\":\"m\"},\"children\":[{\"type\":\"text\",\"props\":{\"animation\":\"slide-left-medium\",\"block_align\":\"center\",\"column_breakpoint\":\"m\",\"content\":\"\n\n<ul>\\n\n\n<li>Hay 3 tipos de publicaciones que puedes crear.<\\\/li>\\n\n\n<li>Una vez terminado el formulario, pulsa enviar.<\\\/li>\\n<\\\/ul>\",\"margin\":\"default\",\"maxwidth\":\"2xlarge\",\"text_align\":\"left\",\"text_color\":\"primary\",\"text_style\":\"meta\"}},{\"type\":\"overlay\",\"props\":{\"animation\":\"slide-bottom-medium\",\"content\":\"\",\"image\":\"wp-content\\\/uploads\\\/2023\\\/09\\\/create-postCapture.png\",\"image_alt\":\"create-postCapture\",\"image_box_shadow\":\"large\",\"image_hover_box_shadow\":\"medium\",\"image_loading\":true,\"image_transition_border\":false,\"image_width\":\"720\",\"link\":\"https:\\\/\\\/newspiracy.eu\\\/truth-track\\\/\",\"link_style\":\"default\",\"link_target\":true,\"link_text\":\"\",\"margin\":\"default\",\"meta\":\"(usuario conectado)\",\"meta_align\":\"below-title\",\"meta_element\":\"div\",\"meta_style\":\"text-meta\",\"overlay_hover\":true,\"overlay_mode\":\"cover\",\"overlay_position\":\"center\",\"overlay_style\":\"overlay-primary\",\"overlay_transition\":\"fade\",\"text_align\":\"center\",\"text_color\":\"light\",\"title\":\"El formulario requiere diferentes campos en funci\\u00f3n del tipo de publicaci\\u00f3n. \",\"title_element\":\"h3\",\"title_hover_style\":\"reset\"}}]}]}],\"name\":\"3 - How to write a post\"},{\"type\":\"section\",\"props\":{\"animation\":\"fade\",\"animation_delay\":\"200\",\"image_position\":\"center-center\",\"style\":\"default\",\"title_breakpoint\":\"xl\",\"title_position\":\"top-left\",\"title_rotation\":\"left\",\"vertical_align\":\"middle\",\"width\":\"default\"},\"children\":[{\"type\":\"row\",\"children\":[{\"type\":\"column\",\"props\":{\"image_position\":\"center-center\",\"position_sticky_breakpoint\":\"m\"},\"children\":[{\"type\":\"headline\",\"props\":{\"animation\":\"slide-top-medium\",\"content\":\"Vota y Comenta.\",\"text_align\":\"center\",\"title_color\":\"danger\",\"title_element\":\"h2\",\"title_style\":\"heading-medium\"}},{\"type\":\"text\",\"props\":{\"animation\":\"slide-left-medium\",\"block_align\":\"center\",\"column_breakpoint\":\"m\",\"content\":\"\n\n<ul>\\n\n\n<li>Al leer una publicaci\\u00f3n, los usuarios registrados pueden votar a favor o en contra de ella. En la parte inferior de cada publicaci\\u00f3n, existe la posibilidad de comentar o incluso responder a un comentario.\\u00a0<\\\/li>\\n<\\\/ul>\",\"margin\":\"default\",\"maxwidth\":\"2xlarge\",\"text_align\":\"left\",\"text_color\":\"primary\",\"text_style\":\"meta\"}},{\"type\":\"gallery\",\"props\":{\"animation\":\"slide-bottom-medium\",\"filter_align\":\"left\",\"filter_all\":true,\"filter_grid_breakpoint\":\"m\",\"filter_grid_width\":\"auto\",\"filter_position\":\"top\",\"filter_style\":\"tab\",\"grid_column_align\":true,\"grid_default\":\"1\",\"grid_divider\":true,\"grid_medium\":\"2\",\"image_box_shadow\":\"large\",\"image_hover_box_shadow\":\"medium\",\"item_animation\":true,\"link_style\":\"default\",\"link_text\":\"Read more\",\"margin\":\"default\",\"meta_align\":\"below-title\",\"meta_element\":\"div\",\"meta_style\":\"text-meta\",\"overlay_hover\":true,\"overlay_mode\":\"cover\",\"overlay_position\":\"center\",\"overlay_style\":\"overlay-primary\",\"overlay_transition\":\"fade\",\"show_content\":true,\"show_hover_image\":true,\"show_link\":true,\"show_meta\":true,\"show_title\":true,\"text_align\":\"center\",\"text_color\":\"light\",\"title_element\":\"h3\",\"title_hover_style\":\"reset\"},\"children\":[{\"type\":\"gallery_item\",\"props\":{\"content\":\"\",\"image\":\"wp-content\\\/uploads\\\/2023\\\/09\\\/voting-Capture.png\",\"image_alt\":\"voting-Capture\",\"meta\":\"(usuario conectado)\",\"title\":\"Tu voto influye en la puntuaci\\u00f3n de la publicaci\\u00f3n. \"}},{\"type\":\"gallery_item\",\"props\":{\"content\":\"\",\"image\":\"wp-content\\\/uploads\\\/2023\\\/09\\\/Comment-area-Capture.png\",\"image_alt\":\"Comment-area-Capture\",\"meta\":\"(usuario conectado)\",\"text_color\":\"light\",\"title\":\"Comentar o responder comentarios de otros usuarios. \"}}]}]}]}],\"name\":\"4 - Vote or Comment\"},{\"type\":\"section\",\"props\":{\"animation\":\"fade\",\"image_position\":\"center-center\",\"style\":\"default\",\"title_breakpoint\":\"xl\",\"title_position\":\"top-left\",\"title_rotation\":\"left\",\"vertical_align\":\"middle\",\"width\":\"default\"},\"children\":[{\"type\":\"row\",\"children\":[{\"type\":\"column\",\"props\":{\"image_position\":\"center-center\",\"position_sticky_breakpoint\":\"m\"},\"children\":[{\"type\":\"totop\",\"props\":{\"animation\":\"slide-bottom\",\"margin\":\"default\",\"text_align\":\"center\",\"title\":\"FIN DE LA GU\\u00cdA.\",\"title_grid_column_gap\":\"small\",\"title_grid_row_gap\":\"small\",\"title_style\":\"meta\"}}]}]}]},{\"type\":\"section\",\"props\":{\"image_position\":\"center-center\",\"style\":\"muted\",\"title_breakpoint\":\"xl\",\"title_position\":\"top-left\",\"title_rotation\":\"left\",\"vertical_align\":\"middle\",\"width\":\"default\"},\"children\":[{\"type\":\"row\",\"children\":[{\"type\":\"column\",\"props\":{\"image_position\":\"center-center\",\"position_sticky_breakpoint\":\"m\"}}]}]}],\"version\":\"4.1.1\"} --><\/p>\n","protected":false},"excerpt":{"rendered":"<p>Gu\u00eda de usuario C\u00f3mo registrarse Para poder utilizar el \u201cRastreador de verdades\u201d y escribir tus propios mensajes, votar o comentar, primero debes estar registrado y..<\/p>\n","protected":false},"author":1,"featured_media":0,"parent":2404,"menu_order":0,"comment_status":"closed","ping_status":"closed","template":"","meta":{"_acf_changed":false,"inline_featured_image":false,"footnotes":""},"class_list":["post-461","page","type-page","status-publish","hentry"],"acf":[],"_links":{"self":[{"href":"https:\/\/newspiracy.eu\/es\/wp-json\/wp\/v2\/pages\/461","targetHints":{"allow":["GET"]}}],"collection":[{"href":"https:\/\/newspiracy.eu\/es\/wp-json\/wp\/v2\/pages"}],"about":[{"href":"https:\/\/newspiracy.eu\/es\/wp-json\/wp\/v2\/types\/page"}],"author":[{"embeddable":true,"href":"https:\/\/newspiracy.eu\/es\/wp-json\/wp\/v2\/users\/1"}],"replies":[{"embeddable":true,"href":"https:\/\/newspiracy.eu\/es\/wp-json\/wp\/v2\/comments?post=461"}],"version-history":[{"count":85,"href":"https:\/\/newspiracy.eu\/es\/wp-json\/wp\/v2\/pages\/461\/revisions"}],"predecessor-version":[{"id":2989,"href":"https:\/\/newspiracy.eu\/es\/wp-json\/wp\/v2\/pages\/461\/revisions\/2989"}],"up":[{"embeddable":true,"href":"https:\/\/newspiracy.eu\/es\/wp-json\/wp\/v2\/pages\/2404"}],"wp:attachment":[{"href":"https:\/\/newspiracy.eu\/es\/wp-json\/wp\/v2\/media?parent=461"}],"curies":[{"name":"wp","href":"https:\/\/api.w.org\/{rel}","templated":true}]}}