{"id":2399,"date":"2022-03-21T06:09:31","date_gmt":"2022-03-21T03:09:31","guid":{"rendered":"https:\/\/newspiracy.eu\/partners\/"},"modified":"2024-03-20T12:35:33","modified_gmt":"2024-03-20T09:35:33","slug":"partners","status":"publish","type":"page","link":"https:\/\/newspiracy.eu\/lv\/partners\/","title":{"rendered":"Partneri"},"content":{"rendered":"<div>\n<p>        <img decoding=\"async\" src=\"\/wp-content\/uploads\/2024\/03\/update_marcaUAM_BhorizontalColor.png\" alt=\"UAM\"><\/p>\n<h3>Madrides Autonom\u0101 universit\u0101te (MAU)<\/h3>\n<div>\n<p>Madrides Autonom\u0101 universit\u0101te ir dibin\u0101ta 1968. gad\u0101, t\u0101 ir valsts iest\u0101de, kas starptautiski paz\u012bstama ar savu m\u0101c\u012bbu un p\u0113tniec\u012bbas kvalit\u0101ti. MAU ir izcila valsts augst\u0101k\u0101s izgl\u012bt\u012bbas iest\u0101de ar 63 fakult\u0101t\u0113m un asto\u0146iem p\u0113tniec\u012bbas instit\u016btiem. MAU ir ieguvusi pirmo vietu Sp\u0101nijas un tre\u0161o vietu Eiropas universit\u0101t\u0113s QS pasaules 50 lab\u0101ko universit\u0101\u0161u reiting\u0101, kas jaun\u0101kas par 50 gadiem. MAU uztur biroju Brisel\u0113, kura m\u0113r\u0137is ir palielin\u0101t internacionaliz\u0101cijas aktivit\u0101tes Eiropas l\u012bmen\u012b. Pa\u0161laik taj\u0101 stud\u0113 aptuveni 30 000 studentu. Viens no t\u0101s m\u0113r\u0137iem ir atbalst\u012bt un att\u012bst\u012bt augstas kvalit\u0101tes p\u0113tniec\u012bbu, par ko t\u0101 ir sa\u0146\u0113musi starptautisku atzin\u012bbu.<\/p>\n<\/div>\n<p><a href=\"https:\/\/www.uam.es\/uam\/inicio\">M\u0101jaslapa<\/a><\/p>\n<\/div>\n<hr>\n<hr>\n<hr>\n<hr>\n<hr>\n<hr>\n<hr>\n<hr>\n<div>\n<p>        <img decoding=\"async\" src=\"\/wp-content\/uploads\/2023\/07\/CARDET_logo_highRes-01-a27bce75.webp\" alt=\"\"><\/p>\n<h3>CARDET<\/h3>\n<div>\n<p>CARDET ir vado\u0161ais p\u0113tniec\u012bbas un att\u012bst\u012bbas centrs Vidusj\u016bras re\u0123ion\u0101, kam ir glob\u0101la pieredze skolu izgl\u012bt\u012bbas, digit\u0101lo prasmju, las\u012bt un rakst\u012btprasmes un valodu apguves, migrantu integr\u0101cijas un sp\u0113ju veido\u0161anas jom\u0101. K\u0101 liel\u0101kais neatkar\u012bgais bezpe\u013c\u0146as centrs, kas atrodas Kipr\u0101, CARDET ir neatkar\u012bgi saist\u012bts ar universit\u0101t\u0113m un instit\u016bcij\u0101m no visas pasaules, piem\u0113ram, J\u0113las Universit\u0101ti, Nikosijas Universit\u0101ti un Starptautisko Izgl\u012bt\u012bbas mediju padomi. M\u016bsu komanda sadarb\u012bb\u0101 ar EAEA nesen izstr\u0101d\u0101ja Kipras m\u016b\u017eizgl\u012bt\u012bbas strat\u0113\u0123iju 2021-2027, iesaistot vair\u0101kas ministrijas, vald\u012bbas a\u0123ent\u016bras, soci\u0101los partnerus un publisk\u0101 un priv\u0101t\u0101 sektora ieinteres\u0113t\u0101s personas. CARDET ir \u012bstenojusi vair\u0101k nek\u0101 500 iniciat\u012bvu un projektu, kas saist\u012bti ar izgl\u012bt\u012bbu, las\u012btprasmi, valodu, iek\u013cau\u0161anu, digit\u0101lo p\u0101rveidi un digit\u0101laj\u0101m prasm\u0113m.<\/p>\n<\/div>\n<p><a href=\"https:\/\/cardet.org\/\">M\u0101jaslapa<\/a><\/p>\n<\/div>\n<div>\n<p>        <img decoding=\"async\" src=\"\/wp-content\/uploads\/2023\/07\/panepistimeio-aigaiou.png\" alt=\"https:\/\/www.aegean.gr\/\"><\/p>\n<h3>Egejas j\u016bras salu Universit\u0101te<\/h3>\n<div>Egejas j\u016bras salu Universit\u0101te dibin\u0101ta 1984. gad\u0101 ar m\u0113r\u0137i ieviest jaunas pieejas augst\u0101kaj\u0101 izgl\u012bt\u012bb\u0101 Grie\u0137ij\u0101 un pasaul\u0113 un veicin\u0101t re\u0123ion\u0101lo att\u012bst\u012bbu. Atrodoties uz 6 gleznain\u0101m Egejas j\u016bras arhipel\u0101ga sal\u0101m, Universit\u0101te Egejas j\u016bras re\u0123ion\u0101 pied\u0101v\u0101 unik\u0101lu dabas, kult\u016bras un cilv\u0113cisko vidi m\u016bsdien\u012bg\u0101m studij\u0101m senaj\u0101 zin\u0101\u0161anu \u0161\u016bpul\u012b. Taj\u0101 stud\u0113 vair\u0101k nek\u0101 16 000 studentu, 2 100+ p\u0113cdiploma studentu, str\u0101d\u0101 vair\u0101k nek\u0101 350 m\u0101c\u012bbsp\u0113ku un vair\u0101k nek\u0101 250 administrat\u012bvo darbinieku. Nepilnu tr\u012bsdesmit gadu laik\u0101 Egejas j\u016bras salu Universit\u0101te ir k\u013cuvusi par starptautisku, uz p\u0113tniec\u012bbu orient\u0113tu universit\u0101ti, kas pied\u0101v\u0101 18 bakalaura (bakalaura vai profesion\u0101l\u0101 bakalaura) un 40 p\u0113cdiploma (ma\u0123istra vai profesion\u0101l\u0101 ma\u0123istra) programmas modern\u0101s starpdisciplin\u0101r\u0101s tematiskaj\u0101s jom\u0101s.<\/div>\n<p><a href=\"https:\/\/www.aegean.gr\/\">M\u0101jaslapa<\/a><\/p>\n<\/div>\n<hr>\n<hr>\n<hr>\n<div>\n<p>        <img decoding=\"async\" src=\"\/wp-content\/uploads\/2023\/07\/71d0d2_b6e03c48079b4a199f803ee8c26141c7mv2.webp\" alt=\"Stichting Kenniscentrum Pro Work \u2013 PRO WORK\"><\/p>\n<h3>Stichting Kenniscentrum Pro Work \u2013 PRO WORK<\/h3>\n<div>Fonds Zin\u0101\u0161anu centrs PRO WORK tika izveidots N\u012bderland\u0113 k\u0101 izcil\u012bbas centrs, kas ir tie\u0161s rezult\u0101ts pieredzes un aktivit\u0101\u0161i siner\u0123ijai vair\u0101kos valsts un ES projektos. PRO WORK veicina karjeras att\u012bst\u012bbu tiem, kam nepiecie\u0161ams kou\u010dings, apm\u0101c\u012bba un konsult\u0101cijas da\u017e\u0101d\u0101s nozar\u0113s un t\u0113m\u0101s, gan nacion\u0101l\u0101, gan starptautisk\u0101 l\u012bmen\u012b. PRO WORK darbojas t\u0101d\u0101s nozar\u0113s k\u0101 IKT, ilgtsp\u0113ja, vide, ekonomika, vesel\u012bbas apr\u016bpe un tehnolo\u0123ijas, nodarbin\u0101t\u012bba, uz\u0146\u0113m\u0113jdarb\u012bba, jaunie\u0161u talantu att\u012bst\u012bba, bezdarbs un paaud\u017eu at\u0161\u0137ir\u012bbas. Pieredze ir \u013c\u0101vusi izstr\u0101d\u0101t pla\u0161u meto\u017eu, instrumentu un pa\u0146\u0113mienu kl\u0101stu gan operat\u012bv\u0101, gan politisk\u0101 l\u012bmen\u012b.<\/div>\n<p><a href=\"https:\/\/www.pro-work.nl\/\">M\u0101jaslapa<\/a><\/p>\n<\/div>\n<div>\n<p>        <img decoding=\"async\" src=\"\/wp-content\/uploads\/2023\/07\/latvia-university-scaled.jpg\" alt=\"Latvijas Universit\u00e2tes\"><\/p>\n<h3>LATVIJAS UNIVERSITATE<\/h3>\n<div>\n<p>Latvijas Universit\u0101te (LU) ar 13 000 studentu, 13 fakult\u0101t\u0113m un vair\u0101k nek\u0101 20 p\u0113tniec\u012bbas instit\u016btiem ir viena no liel\u0101kaj\u0101m visaptvero\u0161aj\u0101m p\u0113tniec\u012bbas universit\u0101t\u0113m Baltijas valst\u012bs ar izgl\u012bt\u012bbas un p\u0113tniec\u012bbas potenci\u0101lu humanit\u0101raj\u0101s, soci\u0101laj\u0101s un dabas zin\u0101tn\u0113s. Vien\u012bg\u0101 Latvijas augstskola, kas ierindota QS Top Universities reiting\u0101. LU ir \u012bpa\u0161i lepna, ka t\u0101s internacionaliz\u0101cijas pak\u0101pe ir atz\u012bta par augstu vair\u0101kos reitingos, piem\u0113ram, QS Top Universities, Multirank, Interfax reiting\u0101.<\/p>\n<\/div>\n<p><a href=\"https:\/\/www.lu.lv\/\">M\u0101jaslapa<\/a><\/p>\n<\/div>\n<hr>\n<hr>\n<hr>\n<hr>\n<hr>\n<hr>\n<hr>\n<hr>\n<hr>\n<div>\n<p>        <img decoding=\"async\" src=\"\/wp-content\/uploads\/2024\/03\/update_logo_siglo22_grande-1.png\" alt=\"Siglo22\"><\/p>\n<h3>Fundaci\u00f3n Siglo22<\/h3>\n<div>Fundaci\u00f3n Siglo22 ir bezpe\u013c\u0146as organiz\u0101cija, kas darbojas vis\u0101 Sp\u0101nij\u0101 Izgl\u012bt\u012bbas ministrijas Nodibin\u0101jumu protektor\u0101ta pak\u013caut\u012bb\u0101. Fonda darb\u012bbas m\u0113r\u0137i ir \u0161\u0101di: Izstr\u0101d\u0101t programmas un projektus, kas veicina inform\u0101cijas un komunik\u0101ciju tehnolo\u0123iju integr\u0101ciju izgl\u012bt\u012bbas sist\u0113m\u0101. Uzlabot dzimumu l\u012bdzties\u012bbu un izstr\u0101d\u0101t programmas vienl\u012bdz\u012bgu iesp\u0113ju uzlabo\u0161anai, izmantojot inform\u0101cijas un komunik\u0101cijas tehnolo\u0123ijas. Izstr\u0101d\u0101t programmas un projektus, kas saist\u012bti ar m\u0101c\u012b\u0161anos un kop\u012bgu zin\u0101\u0161anu t\u012bklu izveidi.<\/div>\n<p><a href=\"https:\/\/fundacionsiglo22.org\/\">M\u0101jaslapa<\/a><\/p>\n<\/div>\n<p><!--more--><br \/>\n<!-- {\"type\":\"layout\",\"children\":[{\"type\":\"section\",\"props\":{\"animation\":\"slide-bottom-medium\",\"image_position\":\"center-center\",\"style\":\"muted\",\"title_breakpoint\":\"xl\",\"title_position\":\"top-left\",\"title_rotation\":\"left\",\"vertical_align\":\"middle\",\"width\":\"default\"},\"children\":[{\"type\":\"row\",\"children\":[{\"type\":\"column\",\"props\":{\"image_position\":\"center-center\",\"position_sticky_breakpoint\":\"m\",\"width_medium\":\"1-3\"},\"children\":[{\"type\":\"panel\",\"props\":{\"content\":\"\n\n<p>Madrides Autonom\\u0101 universit\\u0101te ir dibin\\u0101ta 1968. gad\\u0101, t\\u0101 ir valsts iest\\u0101de, kas starptautiski paz\\u012bstama ar savu m\\u0101c\\u012bbu un p\\u0113tniec\\u012bbas kvalit\\u0101ti. MAU ir izcila valsts augst\\u0101k\\u0101s izgl\\u012bt\\u012bbas iest\\u0101de ar 63 fakult\\u0101t\\u0113m un asto\\u0146iem p\\u0113tniec\\u012bbas instit\\u016btiem. MAU ir ieguvusi pirmo vietu Sp\\u0101nijas un tre\\u0161o vietu Eiropas universit\\u0101t\\u0113s QS pasaules 50 lab\\u0101ko universit\\u0101\\u0161u reiting\\u0101, kas jaun\\u0101kas par 50 gadiem. MAU uztur biroju Brisel\\u0113, kura m\\u0113r\\u0137is ir palielin\\u0101t internacionaliz\\u0101cijas aktivit\\u0101tes Eiropas l\\u012bmen\\u012b. Pa\\u0161laik taj\\u0101 stud\\u0113 aptuveni 30 000 studentu. Viens no t\\u0101s m\\u0113r\\u0137iem ir atbalst\\u012bt un att\\u012bst\\u012bt augstas kvalit\\u0101tes p\\u0113tniec\\u012bbu, par ko t\\u0101 ir sa\\u0146\\u0113musi starptautisku atzin\\u012bbu.<\\\/p>\",\"content_column_breakpoint\":\"m\",\"icon_width\":80,\"image\":\"wp-content\\\/uploads\\\/2024\\\/03\\\/update_marcaUAM_BhorizontalColor.png\",\"image_align\":\"top\",\"image_alt\":\"UAM\",\"image_grid_breakpoint\":\"m\",\"image_grid_width\":\"1-3\",\"image_svg_color\":\"emphasis\",\"image_width\":\"240\",\"link\":\"https:\\\/\\\/www.uam.es\\\/uam\\\/inicio\",\"link_style\":\"primary\",\"link_target\":true,\"link_text\":\"M\\u0101jaslapa\",\"margin\":\"large\",\"meta_align\":\"below-title\",\"meta_element\":\"div\",\"meta_style\":\"text-meta\",\"text_align\":\"justify\",\"title\":\"Madrides Autonom\\u0101 universit\\u0101te (MAU)\",\"title_align\":\"top\",\"title_color\":\"primary\",\"title_element\":\"h3\",\"title_grid_breakpoint\":\"m\",\"title_grid_width\":\"1-2\",\"title_hover_style\":\"reset\",\"title_style\":\"heading-small\"},\"name\":\"Panel with image LEFT\"},{\"type\":\"divider\",\"props\":{\"divider_element\":\"hr\",\"visibility\":\"l\"}},{\"type\":\"divider\",\"props\":{\"divider_element\":\"hr\",\"visibility\":\"l\"}},{\"type\":\"divider\",\"props\":{\"divider_element\":\"hr\",\"visibility\":\"l\"}},{\"type\":\"divider\",\"props\":{\"divider_element\":\"hr\",\"visibility\":\"l\"}},{\"type\":\"divider\",\"props\":{\"divider_element\":\"hr\",\"visibility\":\"l\"}},{\"type\":\"divider\",\"props\":{\"divider_element\":\"hr\",\"visibility\":\"l\"}},{\"type\":\"divider\",\"props\":{\"divider_element\":\"hr\",\"visibility\":\"l\"}},{\"type\":\"divider\",\"props\":{\"divider_element\":\"hr\",\"visibility\":\"l\"}},{\"type\":\"panel\",\"props\":{\"content\":\"\n\n<p>CARDET ir vado\\u0161ais p\\u0113tniec\\u012bbas un att\\u012bst\\u012bbas centrs Vidusj\\u016bras re\\u0123ion\\u0101, kam ir glob\\u0101la pieredze skolu izgl\\u012bt\\u012bbas, digit\\u0101lo prasmju, las\\u012bt un rakst\\u012btprasmes un valodu apguves, migrantu integr\\u0101cijas un sp\\u0113ju veido\\u0161anas jom\\u0101. K\\u0101 liel\\u0101kais neatkar\\u012bgais bezpe\\u013c\\u0146as centrs, kas atrodas Kipr\\u0101, CARDET ir neatkar\\u012bgi saist\\u012bts ar universit\\u0101t\\u0113m un instit\\u016bcij\\u0101m no visas pasaules, piem\\u0113ram, J\\u0113las Universit\\u0101ti, Nikosijas Universit\\u0101ti un Starptautisko Izgl\\u012bt\\u012bbas mediju padomi. M\\u016bsu komanda sadarb\\u012bb\\u0101 ar EAEA nesen izstr\\u0101d\\u0101ja Kipras m\\u016b\\u017eizgl\\u012bt\\u012bbas strat\\u0113\\u0123iju 2021-2027, iesaistot vair\\u0101kas ministrijas, vald\\u012bbas a\\u0123ent\\u016bras, soci\\u0101los partnerus un publisk\\u0101 un priv\\u0101t\\u0101 sektora ieinteres\\u0113t\\u0101s personas. CARDET ir \\u012bstenojusi vair\\u0101k nek\\u0101 500 iniciat\\u012bvu un projektu, kas saist\\u012bti ar izgl\\u012bt\\u012bbu, las\\u012btprasmi, valodu, iek\\u013cau\\u0161anu, digit\\u0101lo p\\u0101rveidi un digit\\u0101laj\\u0101m prasm\\u0113m.<\\\/p>\",\"content_column_breakpoint\":\"m\",\"icon_width\":80,\"image\":\"wp-content\\\/uploads\\\/2023\\\/07\\\/CARDET_logo_highRes-01-a27bce75.webp\",\"image_align\":\"top\",\"image_grid_breakpoint\":\"m\",\"image_grid_width\":\"1-3\",\"image_svg_color\":\"emphasis\",\"image_width\":\"230\",\"link\":\"https:\\\/\\\/cardet.org\\\/\",\"link_style\":\"primary\",\"link_target\":true,\"link_text\":\"M\\u0101jaslapa\",\"margin\":\"large\",\"meta_align\":\"below-title\",\"meta_element\":\"div\",\"meta_style\":\"text-meta\",\"text_align\":\"justify\",\"title\":\"CARDET\",\"title_align\":\"top\",\"title_color\":\"primary\",\"title_element\":\"h3\",\"title_grid_breakpoint\":\"m\",\"title_grid_width\":\"1-2\",\"title_hover_style\":\"reset\",\"title_style\":\"heading-small\"},\"name\":\"Panel with image LEFT\"}]},{\"type\":\"column\",\"props\":{\"image_position\":\"center-center\",\"position_sticky_breakpoint\":\"m\",\"width_medium\":\"1-3\"},\"children\":[{\"type\":\"panel\",\"props\":{\"content\":\"Egejas j\\u016bras salu Universit\\u0101te dibin\\u0101ta 1984. gad\\u0101 ar m\\u0113r\\u0137i ieviest jaunas pieejas augst\\u0101kaj\\u0101 izgl\\u012bt\\u012bb\\u0101 Grie\\u0137ij\\u0101 un pasaul\\u0113 un veicin\\u0101t re\\u0123ion\\u0101lo att\\u012bst\\u012bbu. Atrodoties uz 6 gleznain\\u0101m Egejas j\\u016bras arhipel\\u0101ga sal\\u0101m, Universit\\u0101te Egejas j\\u016bras re\\u0123ion\\u0101 pied\\u0101v\\u0101 unik\\u0101lu dabas, kult\\u016bras un cilv\\u0113cisko vidi m\\u016bsdien\\u012bg\\u0101m studij\\u0101m senaj\\u0101 zin\\u0101\\u0161anu \\u0161\\u016bpul\\u012b. Taj\\u0101 stud\\u0113 vair\\u0101k nek\\u0101 16 000 studentu, 2 100+ p\\u0113cdiploma studentu, str\\u0101d\\u0101 vair\\u0101k nek\\u0101 350 m\\u0101c\\u012bbsp\\u0113ku un vair\\u0101k nek\\u0101 250 administrat\\u012bvo darbinieku. Nepilnu tr\\u012bsdesmit gadu laik\\u0101 Egejas j\\u016bras salu Universit\\u0101te ir k\\u013cuvusi par starptautisku, uz p\\u0113tniec\\u012bbu orient\\u0113tu universit\\u0101ti, kas pied\\u0101v\\u0101 18 bakalaura (bakalaura vai profesion\\u0101l\\u0101 bakalaura) un 40 p\\u0113cdiploma (ma\\u0123istra vai profesion\\u0101l\\u0101 ma\\u0123istra) programmas modern\\u0101s starpdisciplin\\u0101r\\u0101s tematiskaj\\u0101s jom\\u0101s.\",\"content_column_breakpoint\":\"m\",\"icon_width\":80,\"image\":\"wp-content\\\/uploads\\\/2023\\\/07\\\/panepistimeio-aigaiou.png\",\"image_align\":\"top\",\"image_alt\":\"https:\\\/\\\/www.aegean.gr\\\/\",\"image_grid_breakpoint\":\"m\",\"image_grid_width\":\"1-3\",\"image_svg_color\":\"emphasis\",\"image_width\":\"240\",\"link\":\"https:\\\/\\\/www.aegean.gr\\\/\",\"link_style\":\"primary\",\"link_target\":true,\"link_text\":\"M\\u0101jaslapa\",\"margin\":\"large\",\"meta_align\":\"below-title\",\"meta_element\":\"div\",\"meta_style\":\"text-meta\",\"text_align\":\"justify\",\"title\":\"Egejas j\\u016bras salu Universit\\u0101te\",\"title_align\":\"top\",\"title_color\":\"primary\",\"title_element\":\"h3\",\"title_grid_breakpoint\":\"m\",\"title_grid_width\":\"1-2\",\"title_hover_style\":\"reset\",\"title_style\":\"heading-small\"},\"name\":\"Panel with image LEFT\"},{\"type\":\"divider\",\"props\":{\"divider_element\":\"hr\",\"visibility\":\"l\"}},{\"type\":\"divider\",\"props\":{\"divider_element\":\"hr\",\"visibility\":\"l\"}},{\"type\":\"divider\",\"props\":{\"divider_element\":\"hr\",\"visibility\":\"l\"}},{\"type\":\"panel\",\"props\":{\"content\":\"Fonds Zin\\u0101\\u0161anu centrs PRO WORK tika izveidots N\\u012bderland\\u0113 k\\u0101 izcil\\u012bbas centrs, kas ir tie\\u0161s rezult\\u0101ts pieredzes un aktivit\\u0101\\u0161i siner\\u0123ijai vair\\u0101kos valsts un ES projektos. PRO WORK veicina karjeras att\\u012bst\\u012bbu tiem, kam nepiecie\\u0161ams kou\\u010dings, apm\\u0101c\\u012bba un konsult\\u0101cijas da\\u017e\\u0101d\\u0101s nozar\\u0113s un t\\u0113m\\u0101s, gan nacion\\u0101l\\u0101, gan starptautisk\\u0101 l\\u012bmen\\u012b. PRO WORK darbojas t\\u0101d\\u0101s nozar\\u0113s k\\u0101 IKT, ilgtsp\\u0113ja, vide, ekonomika, vesel\\u012bbas apr\\u016bpe un tehnolo\\u0123ijas, nodarbin\\u0101t\\u012bba, uz\\u0146\\u0113m\\u0113jdarb\\u012bba, jaunie\\u0161u talantu att\\u012bst\\u012bba, bezdarbs un paaud\\u017eu at\\u0161\\u0137ir\\u012bbas. Pieredze ir \\u013c\\u0101vusi izstr\\u0101d\\u0101t pla\\u0161u meto\\u017eu, instrumentu un pa\\u0146\\u0113mienu kl\\u0101stu gan operat\\u012bv\\u0101, gan politisk\\u0101 l\\u012bmen\\u012b.\",\"content_column_breakpoint\":\"m\",\"icon_width\":80,\"image\":\"wp-content\\\/uploads\\\/2023\\\/07\\\/71d0d2_b6e03c48079b4a199f803ee8c26141c7mv2.webp\",\"image_align\":\"top\",\"image_alt\":\"Stichting Kenniscentrum Pro Work \\u2013 PRO WORK\",\"image_grid_breakpoint\":\"m\",\"image_grid_width\":\"1-3\",\"image_svg_color\":\"emphasis\",\"image_width\":\"150\",\"link\":\"https:\\\/\\\/www.pro-work.nl\\\/\",\"link_style\":\"primary\",\"link_target\":true,\"link_text\":\"M\\u0101jaslapa\",\"margin\":\"large\",\"meta_align\":\"below-title\",\"meta_element\":\"div\",\"meta_style\":\"text-meta\",\"text_align\":\"justify\",\"title\":\"Stichting Kenniscentrum Pro Work \\u2013 PRO WORK\",\"title_align\":\"top\",\"title_color\":\"primary\",\"title_element\":\"h3\",\"title_grid_breakpoint\":\"m\",\"title_grid_width\":\"1-2\",\"title_hover_style\":\"reset\",\"title_style\":\"heading-small\"},\"name\":\"Panel with image LEFT\"}]},{\"type\":\"column\",\"props\":{\"image_position\":\"center-center\",\"position_sticky_breakpoint\":\"m\",\"width_medium\":\"1-3\"},\"children\":[{\"type\":\"panel\",\"props\":{\"content\":\"\n\n<p>Latvijas Universit\\u0101te (LU) ar 13 000 studentu, 13 fakult\\u0101t\\u0113m un vair\\u0101k nek\\u0101 20 p\\u0113tniec\\u012bbas instit\\u016btiem ir viena no liel\\u0101kaj\\u0101m visaptvero\\u0161aj\\u0101m p\\u0113tniec\\u012bbas universit\\u0101t\\u0113m Baltijas valst\\u012bs ar izgl\\u012bt\\u012bbas un p\\u0113tniec\\u012bbas potenci\\u0101lu humanit\\u0101raj\\u0101s, soci\\u0101laj\\u0101s un dabas zin\\u0101tn\\u0113s. Vien\\u012bg\\u0101 Latvijas augstskola, kas ierindota QS Top Universities reiting\\u0101. LU ir \\u012bpa\\u0161i lepna, ka t\\u0101s internacionaliz\\u0101cijas pak\\u0101pe ir atz\\u012bta par augstu vair\\u0101kos reitingos, piem\\u0113ram, QS Top Universities, Multirank, Interfax reiting\\u0101.<\\\/p>\",\"content_column_breakpoint\":\"m\",\"icon_width\":80,\"image\":\"wp-content\\\/uploads\\\/2023\\\/07\\\/latvia-university-scaled.jpg\",\"image_align\":\"top\",\"image_alt\":\"Latvijas Universit\\u00e2tes\",\"image_grid_breakpoint\":\"m\",\"image_grid_width\":\"1-3\",\"image_svg_color\":\"emphasis\",\"image_svg_inline\":false,\"image_width\":\"230\",\"link\":\"https:\\\/\\\/www.lu.lv\\\/\",\"link_style\":\"primary\",\"link_target\":true,\"link_text\":\"M\\u0101jaslapa\",\"margin\":\"large\",\"meta_align\":\"below-title\",\"meta_element\":\"div\",\"meta_style\":\"text-meta\",\"text_align\":\"justify\",\"title\":\"LATVIJAS UNIVERSITATE\",\"title_align\":\"top\",\"title_color\":\"primary\",\"title_element\":\"h3\",\"title_grid_breakpoint\":\"m\",\"title_grid_width\":\"1-2\",\"title_hover_style\":\"reset\",\"title_style\":\"heading-small\"},\"name\":\"Panel with image LEFT\"},{\"type\":\"divider\",\"props\":{\"divider_element\":\"hr\",\"visibility\":\"l\"}},{\"type\":\"divider\",\"props\":{\"divider_element\":\"hr\",\"visibility\":\"l\"}},{\"type\":\"divider\",\"props\":{\"divider_element\":\"hr\",\"visibility\":\"l\"}},{\"type\":\"divider\",\"props\":{\"divider_element\":\"hr\",\"visibility\":\"l\"}},{\"type\":\"divider\",\"props\":{\"divider_element\":\"hr\",\"visibility\":\"l\"}},{\"type\":\"divider\",\"props\":{\"divider_element\":\"hr\",\"visibility\":\"l\"}},{\"type\":\"divider\",\"props\":{\"divider_element\":\"hr\",\"visibility\":\"l\"}},{\"type\":\"divider\",\"props\":{\"divider_element\":\"hr\",\"visibility\":\"l\"}},{\"type\":\"divider\",\"props\":{\"divider_element\":\"hr\",\"visibility\":\"l\"}},{\"type\":\"panel\",\"props\":{\"content\":\"Fundaci\\u00f3n Siglo22 ir bezpe\\u013c\\u0146as organiz\\u0101cija, kas darbojas vis\\u0101 Sp\\u0101nij\\u0101 Izgl\\u012bt\\u012bbas ministrijas Nodibin\\u0101jumu protektor\\u0101ta pak\\u013caut\\u012bb\\u0101. Fonda darb\\u012bbas m\\u0113r\\u0137i ir \\u0161\\u0101di: Izstr\\u0101d\\u0101t programmas un projektus, kas veicina inform\\u0101cijas un komunik\\u0101ciju tehnolo\\u0123iju integr\\u0101ciju izgl\\u012bt\\u012bbas sist\\u0113m\\u0101. Uzlabot dzimumu l\\u012bdzties\\u012bbu un izstr\\u0101d\\u0101t programmas vienl\\u012bdz\\u012bgu iesp\\u0113ju uzlabo\\u0161anai, izmantojot inform\\u0101cijas un komunik\\u0101cijas tehnolo\\u0123ijas. Izstr\\u0101d\\u0101t programmas un projektus, kas saist\\u012bti ar m\\u0101c\\u012b\\u0161anos un kop\\u012bgu zin\\u0101\\u0161anu t\\u012bklu izveidi.\",\"content_column_breakpoint\":\"m\",\"icon_width\":80,\"image\":\"wp-content\\\/uploads\\\/2024\\\/03\\\/update_logo_siglo22_grande-1.png\",\"image_align\":\"top\",\"image_alt\":\"Siglo22\",\"image_grid_breakpoint\":\"m\",\"image_grid_width\":\"1-3\",\"image_svg_color\":\"emphasis\",\"image_width\":\"230\",\"link\":\"https:\\\/\\\/fundacionsiglo22.org\\\/\",\"link_style\":\"primary\",\"link_target\":true,\"link_text\":\"M\\u0101jaslapa\",\"margin\":\"default\",\"meta_align\":\"below-title\",\"meta_element\":\"div\",\"meta_style\":\"text-meta\",\"text_align\":\"justify\",\"title\":\"Fundaci\\u00f3n Siglo22\",\"title_align\":\"top\",\"title_color\":\"primary\",\"title_element\":\"h3\",\"title_grid_breakpoint\":\"m\",\"title_grid_width\":\"1-2\",\"title_hover_style\":\"reset\",\"title_style\":\"heading-small\"},\"name\":\"Panel with image LEFT\"}]}],\"props\":{\"layout\":\"1-3,1-3,1-3\"}}]}],\"version\":\"4.1.1\"} --><\/p>\n","protected":false},"excerpt":{"rendered":"<p>Madrides Autonom\u0101 universit\u0101te (MAU) Madrides Autonom\u0101 universit\u0101te ir dibin\u0101ta 1968. gad\u0101, t\u0101 ir valsts iest\u0101de, kas starptautiski paz\u012bstama ar savu m\u0101c\u012bbu un p\u0113tniec\u012bbas kvalit\u0101ti. MAU..<\/p>\n","protected":false},"author":1,"featured_media":0,"parent":0,"menu_order":0,"comment_status":"closed","ping_status":"closed","template":"","meta":{"_acf_changed":false,"inline_featured_image":false,"footnotes":""},"class_list":["post-2399","page","type-page","status-publish","hentry"],"acf":[],"_links":{"self":[{"href":"https:\/\/newspiracy.eu\/lv\/wp-json\/wp\/v2\/pages\/2399","targetHints":{"allow":["GET"]}}],"collection":[{"href":"https:\/\/newspiracy.eu\/lv\/wp-json\/wp\/v2\/pages"}],"about":[{"href":"https:\/\/newspiracy.eu\/lv\/wp-json\/wp\/v2\/types\/page"}],"author":[{"embeddable":true,"href":"https:\/\/newspiracy.eu\/lv\/wp-json\/wp\/v2\/users\/1"}],"replies":[{"embeddable":true,"href":"https:\/\/newspiracy.eu\/lv\/wp-json\/wp\/v2\/comments?post=2399"}],"version-history":[{"count":4,"href":"https:\/\/newspiracy.eu\/lv\/wp-json\/wp\/v2\/pages\/2399\/revisions"}],"predecessor-version":[{"id":4461,"href":"https:\/\/newspiracy.eu\/lv\/wp-json\/wp\/v2\/pages\/2399\/revisions\/4461"}],"wp:attachment":[{"href":"https:\/\/newspiracy.eu\/lv\/wp-json\/wp\/v2\/media?parent=2399"}],"curies":[{"name":"wp","href":"https:\/\/api.w.org\/{rel}","templated":true}]}}